{"id":369,"date":"2025-02-14T10:44:31","date_gmt":"2025-02-14T10:44:31","guid":{"rendered":"https:\/\/barcelonalanguageexchange.com\/servicios\/"},"modified":"2025-08-28T11:48:36","modified_gmt":"2025-08-28T11:48:36","slug":"servicios","status":"publish","type":"page","link":"https:\/\/barcelonalanguageexchange.com\/en\/servicios\/","title":{"rendered":"Servicios"},"content":{"rendered":"<section class=\"header_curvy1_30_1 background-1-light\" id=\"\" data-block-id=\"69f8ae0c8d34f69f8ae0c8d350\">\r\n    <div class=\"container\">\r\n        <div class=\"row\">\r\n            <div class=\"col\">\r\n                                <h1 class=\"tamano1 color-1-headings-dark\">Servicios que ofrecemos<\/h1>\r\n            <\/div>\r\n        <\/div>\r\n    <\/div>\r\n<\/section>\r\n<style>\r\n    .header_curvy1_30_1 .col .subtitulo {\r\n        text-align: center;\r\n        padding-bottom: 25px;\r\n    }\r\n\r\n    .header_curvy1_30_1 .col h1 {\r\n        text-align: center;\r\n    }\r\n\r\n    .header_curvy1_30_1 .col {\r\n        max-width: 1230px;\r\n        margin: 0 auto;\r\n    }\r\n\r\n    .header_curvy1_30_1 {\r\n        padding: 200px 0 55px 0;\r\n    }\r\n\r\n    @media (max-width:1200px) {\r\n        .header_curvy1_30_1 {\r\n            padding: 120px 0 35px 0;\r\n        }\r\n    }\r\n\r\n    @media (max-width:768px) {\r\n        .header_curvy1_30_1 h1 {\r\n            line-height: var(--tamano3-line-height);\r\n        }\r\n\r\n        .header_curvy1_30_1 {\r\n            padding: 100px 0 40px;\r\n        }\r\n    }\r\n<\/style>\r\n\n\n<section class=\"services_curvy1_22_1 background-1-light\" id=\"\" data-block-id=\"69f8ae0c8df3c69f8ae0c8df3d\">\r\n    <div class=\"container\">\r\n        <div class=\"row\">\r\n            <div class=\"col col-top\">\r\n                                            <\/div>\r\n        <\/div>\r\n    <\/div>\r\n    <div class=\"container\">\r\n        <div class=\"row\">\r\n            <div class=\"col col-servicios\">\r\n                <div class=\"servicios\">\r\n                                                                                                    <a href=\"https:\/\/barcelonalanguageexchange.com\/en\/servicios\/cursos\/\" class=\"servicio-item\">\r\n                                <div class=\"imagen\" style=\"background-image: url('https:\/\/barcelonalanguageexchange.com\/wp-content\/uploads\/2025\/08\/imgi_117_s3.jpg');\"\r\n                                    aria-label=\"\"><\/div>\r\n                                <div class=\"mask\"><\/div>\r\n                                <div class=\"meta\">\r\n                                    <h3 class=\"tamano3 color-1-headings-dark\">Cursos<\/h3>\r\n                                                                        <div class=\"texto tamano7 color-1-body-dark\">\r\n                                        <p>\u00danete a nuestros eventos gratuitos semanales en Barcelona Language Exchange, el punto de encuentro ideal para practicar idiomas con hablantes nativos, hacer nuevas amistades y disfrutar de una experiencia multicultural \u00fanica en la ciudad. Desde 2014, conectamos a personas de todas las nacionalidades en un ambiente amigable y relajado.<\/p>\n                                    <\/div>\r\n                                                                    <\/div>\r\n                            <\/a>\r\n                                                                                <a href=\"https:\/\/barcelonalanguageexchange.com\/en\/servicios\/eventos-en-barcelona\/\" class=\"servicio-item\">\r\n                                <div class=\"imagen\" style=\"background-image: url('https:\/\/barcelonalanguageexchange.com\/wp-content\/dg-theme-addons\/services_curvy1_22-1\/\/521x668.jpg');\"\r\n                                    aria-label=\"\"><\/div>\r\n                                <div class=\"mask\"><\/div>\r\n                                <div class=\"meta\">\r\n                                    <h3 class=\"tamano3 color-1-headings-dark\">Eventos<\/h3>\r\n                                                                        <div class=\"texto tamano7 color-1-body-dark\">\r\n                                        <p>Barcelona Language Exchange es tu puerta a un mundo de conexiones multiculturales. Desde 2014, organizamos eventos \u00fanicos y gratuitos que atraen a personas deseosas de practicar idiomas y conocer gente en Barcelona. \u00danete a nuestra comunidad para mejorar tus habilidades ling\u00fc\u00edsticas mientras te diviertes en un entorno amigable.<\/p>\n                                    <\/div>\r\n                                                                    <\/div>\r\n                            <\/a>\r\n                                                            <\/div>\r\n            <\/div>\r\n        <\/div>\r\n    <\/div>\r\n\r\n<\/section>\r\n<style>\r\n    .services_curvy1_22_1 .servicio-item .texto {\r\n        transition: all ease .3s;\r\n        text-align: center;\r\n    }\r\n\r\n    .services_curvy1_22_1 .servicio-item h3 {\r\n        padding-bottom: 25px;\r\n        transition: all ease .3s;\r\n        text-align: center;\r\n    }\r\n\r\n    .services_curvy1_22_1 .servicio-item:hover .texto,\r\n    .services_curvy1_22_1 .servicio-item.hover .texto {\r\n        color: var(--color-2-headings-light);\r\n    }\r\n\r\n    .services_curvy1_22_1 .servicio-item:hover h3,\r\n    .services_curvy1_22_1 .servicio-item.hover h3 {\r\n        color: var(--background-1-light);\r\n    }\r\n\r\n    .services_curvy1_22_1 .servicio-item:hover .mask,\r\n    .services_curvy1_22_1 .servicio-item:hover .imagen,\r\n    .services_curvy1_22_1 .servicio-item.hover .mask,\r\n    .services_curvy1_22_1 .servicio-item.hover .imagen {\r\n        opacity: 1;\r\n        visibility: visible;\r\n    }\r\n\r\n    .services_curvy1_22_1 .servicio-item .mask {\r\n        background: rgba(43, 43, 43, 0.50);\r\n        position: absolute;\r\n        top: 0;\r\n        left: 0;\r\n        width: 100%;\r\n        height: 100%;\r\n        opacity: 0;\r\n        visibility: hidden;\r\n        border-radius: 30px;\r\n        transition: all ease .3s;\r\n    }\r\n\r\n     .services_curvy1_22_1 .servicio-item .imagen {\r\n        position: absolute;\r\n        top: 0;\r\n        left: 0;\r\n        width: 100%;\r\n        height: 100%;\r\n        opacity: 0;\r\n        background-position: center;\r\n        background-repeat: no-repeat;\r\n        background-size: cover;\r\n        visibility: hidden;\r\n        transition: all ease .3s;\r\n        border-radius: 30px;\r\n    }\r\n\r\n     .services_curvy1_22_1 .servicio-item .meta {\r\n        position: relative;\r\n    }\r\n\r\n    .services_curvy1_22_1 .servicio-item:not(:last-child)::after {\r\n        bottom: -8px;\r\n        width: calc(100% - 30px);\r\n        height: 1px;\r\n        left: 50%;\r\n        transform: translateX(-50%);\r\n        position: absolute;\r\n        background-color: var(--color-3-body-dark);\r\n        opacity: 0.5;\r\n        content: \"\";\r\n    }\r\n\r\n    .services_curvy1_22_1 .servicio-item:hover:not(:last-child)::after {\r\n        display: none;\r\n    }\r\n\r\n    .services_curvy1_22_1 .servicio-item {\r\n        position: relative;\r\n        position: relative;\r\n        display: block;\r\n        text-decoration: none;\r\n        border-radius: 30px;\r\n        transition: all ease .3s;\r\n        padding: 80px 90px 80px 90px;\r\n        margin-bottom: 15px;\r\n    }\r\n\r\n    .services_curvy1_22_1 .col-top {\r\n        max-width: 1079px;\r\n        margin: 0 auto;\r\n        padding-bottom: 70px;\r\n    }\r\n\r\n    .services_curvy1_22_1 h2 {\r\n        text-align: center;\r\n        padding-bottom: 25px;\r\n    }\r\n\r\n\r\n     .services_curvy1_22_1 {\r\n        padding: 80px 150px;\r\n    }\r\n\r\n    @media (max-width:1550px) {\r\n        .services_curvy1_22_1 {\r\n            padding: 80px 50px;\r\n        }\r\n    }\r\n\r\n    @media (max-width:1350px) {\r\n        .services_curvy1_22_1 {\r\n            padding: 80px 0;\r\n        }\r\n    }\r\n\r\n    @media (max-width:992px) {\r\n        .services_curvy1_22_1 .servicio-item {\r\n            padding-top: 100px;\r\n        }\r\n\r\n        .services_curvy1_22_1 {\r\n            padding: 40px 0;\r\n        }\r\n\r\n        .services_curvy1_22_1 .servicio-item h3 {\r\n            padding-bottom: 15px;\r\n        }\r\n\r\n        .services_curvy1_22_1 .col-top {\r\n            padding-bottom: 40px;\r\n        }\r\n\r\n    }\r\n\r\n    @media (max-width:768px) {\r\n        .services_curvy1_22_1 .servicio-item {\r\n            padding: 42px 30px;\r\n        }\r\n\r\n        .services_curvy1_22_1 .servicio-item h3 {\r\n            line-height: var(--tamano4-line-height);\r\n            font-size: var(--tamano5-font-size);\r\n        }\r\n    }\r\n<\/style>\r\n","protected":false},"excerpt":{"rendered":"","protected":false},"author":1,"featured_media":0,"parent":0,"menu_order":51,"comment_status":"open","ping_status":"closed","template":"","meta":{"_acf_changed":false,"iawp_total_views":13,"footnotes":""},"class_list":["post-369","page","type-page","status-publish","hentry"],"acf":[],"yoast_head":"<!-- This site is optimized with the Yoast SEO plugin v27.3 - https:\/\/yoast.com\/product\/yoast-seo-wordpress\/ -->\n<title>Servicios - Barcelona Language Exchange<\/title>\n<meta name=\"robots\" content=\"index, follow, max-snippet:-1, max-image-preview:large, max-video-preview:-1\" \/>\n<link rel=\"canonical\" href=\"https:\/\/barcelonalanguageexchange.com\/en\/servicios\/\" \/>\n<meta property=\"og:locale\" content=\"en_US\" \/>\n<meta property=\"og:type\" content=\"article\" \/>\n<meta property=\"og:title\" content=\"Servicios - Barcelona Language Exchange\" \/>\n<meta property=\"og:url\" content=\"https:\/\/barcelonalanguageexchange.com\/en\/servicios\/\" \/>\n<meta property=\"og:site_name\" content=\"Barcelona Language Exchange\" \/>\n<meta property=\"article:modified_time\" content=\"2025-08-28T11:48:36+00:00\" \/>\n<meta name=\"twitter:card\" content=\"summary_large_image\" \/>\n<!-- \/ Yoast SEO plugin. -->","yoast_head_json":{"title":"Servicios - Barcelona Language Exchange","robots":{"index":"index","follow":"follow","max-snippet":"max-snippet:-1","max-image-preview":"max-image-preview:large","max-video-preview":"max-video-preview:-1"},"canonical":"https:\/\/barcelonalanguageexchange.com\/en\/servicios\/","og_locale":"en_US","og_type":"article","og_title":"Servicios - Barcelona Language Exchange","og_url":"https:\/\/barcelonalanguageexchange.com\/en\/servicios\/","og_site_name":"Barcelona Language Exchange","article_modified_time":"2025-08-28T11:48:36+00:00","twitter_card":"summary_large_image","schema":{"@context":"https:\/\/schema.org","@graph":[{"@type":"WebPage","@id":"https:\/\/barcelonalanguageexchange.com\/en\/servicios\/","url":"https:\/\/barcelonalanguageexchange.com\/en\/servicios\/","name":"Servicios - Barcelona Language Exchange","isPartOf":{"@id":"https:\/\/barcelonalanguageexchange.com\/en\/#website"},"datePublished":"2025-02-14T10:44:31+00:00","dateModified":"2025-08-28T11:48:36+00:00","breadcrumb":{"@id":"https:\/\/barcelonalanguageexchange.com\/en\/servicios\/#breadcrumb"},"inLanguage":"en-US","potentialAction":[{"@type":"ReadAction","target":["https:\/\/barcelonalanguageexchange.com\/en\/servicios\/"]}]},{"@type":"BreadcrumbList","@id":"https:\/\/barcelonalanguageexchange.com\/en\/servicios\/#breadcrumb","itemListElement":[{"@type":"ListItem","position":1,"name":"Portada","item":"https:\/\/barcelonalanguageexchange.com\/en\/"},{"@type":"ListItem","position":2,"name":"Servicios"}]},{"@type":"WebSite","@id":"https:\/\/barcelonalanguageexchange.com\/en\/#website","url":"https:\/\/barcelonalanguageexchange.com\/en\/","name":"Barcelona Language Exchange","description":"","publisher":{"@id":"https:\/\/barcelonalanguageexchange.com\/en\/#organization"},"potentialAction":[{"@type":"SearchAction","target":{"@type":"EntryPoint","urlTemplate":"https:\/\/barcelonalanguageexchange.com\/en\/?s={search_term_string}"},"query-input":{"@type":"PropertyValueSpecification","valueRequired":true,"valueName":"search_term_string"}}],"inLanguage":"en-US"},{"@type":"Organization","@id":"https:\/\/barcelonalanguageexchange.com\/en\/#organization","name":"Barcelona Language Exchange","url":"https:\/\/barcelonalanguageexchange.com\/en\/","logo":{"@type":"ImageObject","inLanguage":"en-US","@id":"https:\/\/barcelonalanguageexchange.com\/en\/#\/schema\/logo\/image\/","url":"https:\/\/barcelonalanguageexchange.com\/wp-content\/uploads\/2025\/02\/67a9f7980155e_BLE-LOGO.png","contentUrl":"https:\/\/barcelonalanguageexchange.com\/wp-content\/uploads\/2025\/02\/67a9f7980155e_BLE-LOGO.png","width":2560,"height":2560,"caption":"Barcelona Language Exchange"},"image":{"@id":"https:\/\/barcelonalanguageexchange.com\/en\/#\/schema\/logo\/image\/"}}]}},"_links":{"self":[{"href":"https:\/\/barcelonalanguageexchange.com\/en\/wp-json\/wp\/v2\/pages\/369","targetHints":{"allow":["GET"]}}],"collection":[{"href":"https:\/\/barcelonalanguageexchange.com\/en\/wp-json\/wp\/v2\/pages"}],"about":[{"href":"https:\/\/barcelonalanguageexchange.com\/en\/wp-json\/wp\/v2\/types\/page"}],"author":[{"embeddable":true,"href":"https:\/\/barcelonalanguageexchange.com\/en\/wp-json\/wp\/v2\/users\/1"}],"replies":[{"embeddable":true,"href":"https:\/\/barcelonalanguageexchange.com\/en\/wp-json\/wp\/v2\/comments?post=369"}],"version-history":[{"count":5,"href":"https:\/\/barcelonalanguageexchange.com\/en\/wp-json\/wp\/v2\/pages\/369\/revisions"}],"predecessor-version":[{"id":1497,"href":"https:\/\/barcelonalanguageexchange.com\/en\/wp-json\/wp\/v2\/pages\/369\/revisions\/1497"}],"wp:attachment":[{"href":"https:\/\/barcelonalanguageexchange.com\/en\/wp-json\/wp\/v2\/media?parent=369"}],"curies":[{"name":"wp","href":"https:\/\/api.w.org\/{rel}","templated":true}]}}